{"id":4723,"date":"2022-10-24T09:57:31","slug":"consegna-agevolata","status":"publish","type":"page","link":"https:\/\/www.iperalspesaonline.it\/p\/consegna-agevolata\/","title":{"rendered":"Consegna agevolata"},"content":{"rendered":"<h1>Informativa ai sensi del Regolamento Europeo n.679\/2016 per consegna agevolata<\/h1>\n<p>Gentile Cliente,<br \/>\nAl fine di potere usufruire dell\u2019agevolazione prevista per le persone disabili \u00e8 necessario che Lei fornisca la documentazione richiesta. Iperal proceder\u00e0 al trattamento delle informazioni da Lei fornite nel rispetto della normativa in materia di tutela dei dati personali e dati particolari.<\/p>\n<p>La mancata consegna della documentazione necessaria impedir\u00e0 il riconoscimento dell\u2019agevolazione.<br \/>\nCos\u00ec come sancito dal Garante per la Protezione dei Dati Personali il Titolare non \u00e8 autorizzato ad entrare in possesso e trattare i dati relativi alla patologia che causa l\u2019invalidit\u00e0 ma soltanto ad avere contezza dei presupposti per l\u2019accesso all\u2019agevolazione e pertanto della sussistenza dell\u2019invalidit\u00e0 e la relativa percentuale. Ogni documento diverso dalla certificazione di invalidit\u00e0 che la attesti e ne indichi la sola percentuale non potr\u00e0 essere trattato e conseguentemente non consentir\u00e0 la fruizione dell\u2019agevolazione.<\/p>\n<p>I dati personali e particolari sono raccolti con modalit\u00e0 telematiche e trattati da Iperal Supermercati S.p.A. anche con l\u2019ausilio di mezzi elettronici.<br \/>\n<strong>I dati personali gi\u00e0 comunicati seguiranno il trattamento di cui all\u2019Informativa base gi\u00e0 a Lei consegnata.<\/strong><br \/>\nI dati particolari comunicati al fine dell\u2019erogazione dell\u2019agevolazione sopra indicata non verranno comunicati, n\u00e9 trattati ai fini statistici e\/o di ricerca e\/o di iniziative a fini promozionali.<\/p>\n<p>I Suoi dati non verranno diffusi o venduti a terzi e all\u2019interno di Iperal Supermercati S.p.A. potranno essere conosciuti solo dal personale specificatamente incaricato. L\u2019interessato, a norma del Regolamento Europeo n.679\/2016, ha la facolt\u00e0 di esercitare specifici diritti, tra cui quello di ottenere dal titolare la conferma dell\u2019esistenza o meno di propri dati personali e la loro messa a disposizione in forma intelligibile; l\u2019interessato ha diritto di avere conoscenza dell\u2019origine dei dati, della finalit\u00e0 e delle modalit\u00e0 del trattamento, della logica applicata al trattamento, degli estremi identificativi del titolare e dei soggetti cui i dati possono essere comunicati; l\u2019interessato ha inoltre diritto di ottenere l\u2019accesso ai dati personali, l&#8217;aggiornamento, la rettifica, l&#8217;integrazione o la cancellazione degli stessi, la trasformazione in forma anonima o la limitazione del trattamento dei dati che lo riguardano o di opporsi al loro trattamento, oltre al diritto alla portabilit\u00e0 dei dati; inoltre ha diritto di revocare in qualunque momento il consenso e di proporre reclamo all\u2019Autorit\u00e0 Garante.<\/p>\n<p>Detti diritti potranno essere esercitati secondo le seguenti modalit\u00e0 scrivere a Iperal Supermercati S.p.A. via La Rosa, 354 Piantedo (SO) ovvero all\u2019indirizzo e-mail privacy@iperal.it, all\u2019attenzione del Responsabile del Trattamento dei dati personali per l\u2019Area Clienti.<\/p>\n<h2>Per quanto tempo conserviamo i Suoi Dati<\/h2>\n<p>Le categorie particolari di dati saranno conservate per tutta la durata del servizio e, a seguito cessazione, per 10 anni, salvo diversi termini di conservazione previsti dalla legge o da normativa di settore. Nel caso di contenzioso giudiziale, per tutta la durata dello stesso, fino all\u2019esaurimento dei termini di esperibilit\u00e0 delle azioni di impugnazione.<br \/>\nLa revoca del consenso non pregiudica la liceit\u00e0 del trattamento basato sul consenso prima della revoca.<\/p>\n<h3>Titolare del trattamento<\/h3>\n<p>Iperal Supermercati S.p.A. presso la sede amministrativa di Via La Rosa n\u00b0354, 23010 Piantedo (SO) Tel. 0342\/606811.<\/p>\n<h3>Responsabile Protezione Dati<\/h3>\n<p>Dpo &#8211; dpo.iperal@iperal.it<\/p>\n<h3>Categorie di dati trattati<\/h3>\n<p>Dati comuni: Nome, Cognome, CartAmica, Email, Indirizzo consegna a domicilio.<br \/>\nDati particolari: documentazione attestante la sussistenza dell\u2019invalidit\u00e0 e relativa percentuale.<\/p>\n<h3>Finalit\u00e0 di trattamento<\/h3>\n<p>I Suoi dati particolari verranno trattati per le finalit\u00e0 strettamente connesse all\u2019agevolazione prevista per la consegna a domicilio in relazione alle Sue condizioni.<br \/>\nI dati forniti verranno trattati per verificare la sussistenza dei presupposti per il beneficio e la misura dello stesso (sussistenza dell\u2019invalidit\u00e0 e relativa percentuale) senza necessit\u00e0 alcuna di conoscere la patologia. <\/p>\n<h3>Base giuridica del trattamento<\/h3>\n<p>Per la finalit\u00e0 di cui al punto a) della precedente sezione la condizione di legittimit\u00e0 del trattamento \u00e8 individuata all\u2019art 9 par. 2 lett a) del GDPR: \u201cl\u2019interessato ha prestato il proprio consenso esplicito al trattamento di tali dati personali per una o pi\u00f9 esplicite finalit\u00e0 [\u2026]\u201c<br \/>\nIl rifiuto di conferire i dati impedisce l\u2019accesso all\u2019agevolazione. <\/p>\n<h3>Termini di conservazione<\/h3>\n<p>I dati particolari conferiti verranno conservati per tutta la durata della fruizione dell\u2019agevolazione ovvero fino alla revoca del consenso da parte dell\u2019interessato. <\/p>\n<h3>Comunicazione dei dati<\/h3>\n<p>I dati particolari possono venire a conoscenza dei responsabili del trattamento e possono essere comunicati a terzi nei limiti strettamente connessi agli obblighi di legge ed alla fruizione dell\u2019agevolazione.<br \/>\nNel caso di contenzioso i dati potranno essere comunicati all\u2019A.G. competente e\/o richiedente ed al fine di tutelare la posizione del Titolare del Trattamento in giudizio.<br \/>\nCon impegno alla cancellazione esaurita l\u2019azione giudiziaria ovvero decorsi i termini di esperibilit\u00e0 delle azioni e\/o impugnazioni. <\/p>\n<h3>Diritti del&#8217;interessato<\/h3>\n<p>L\u2019interessato ha la facolt\u00e0 di esercitare specifici diritti, tra cui quello di ottenere dal titolare la conferma dell\u2019esistenza o meno di propri dati personali e la loro messa a disposizione in forma intelligibile; l\u2019interessato ha diritto di avere conoscenza dell\u2019origine dei dati, della finalit\u00e0 e delle modalit\u00e0 del trattamento, della logica applicata al trattamento, degli estremi identificativi del titolare e dei soggetti cui i dati possono essere comunicati; l\u2019interessato ha inoltre diritto di ottenere l\u2019accesso ai dati personali, l&#8217;aggiornamento, la rettifica, l&#8217;integrazione o la cancellazione  degli stessi, la trasformazione in forma anonima o la limitazione del trattamento dei dati che lo riguardano o di opporsi al loro trattamento, oltre al diritto alla portabilit\u00e0 dei dati; inoltre ha diritto di revocare in qualunque momento il consenso e di proporre reclamo all\u2019Autorit\u00e0 Garante. <\/p>\n<p>La revoca del consenso non pregiudica la liceit\u00e0 del trattamento basato sul consenso prima della revoca <\/p>\n","protected":false},"featured_media":0,"parent":0,"menu_order":1,"template":"","meta":{"footnotes":"","seo_title":"Consegna agevolata","seo_descr":""},"deliveryserviceid":"","category_id":"","_links":{"self":[{"href":"https:\/\/www.iperalspesaonline.it\/p\/wp-json\/wp\/v2\/pages\/4723"}],"collection":[{"href":"https:\/\/www.iperalspesaonline.it\/p\/wp-json\/wp\/v2\/pages"}],"about":[{"href":"https:\/\/www.iperalspesaonline.it\/p\/wp-json\/wp\/v2\/types\/page"}],"author":[{"embeddable":true,"href":"https:\/\/www.iperalspesaonline.it\/p\/wp-json\/wp\/v2\/users\/1"}],"replies":[{"embeddable":true,"href":"https:\/\/www.iperalspesaonline.it\/p\/wp-json\/wp\/v2\/comments?post=4723"}],"version-history":[{"count":8,"href":"https:\/\/www.iperalspesaonline.it\/p\/wp-json\/wp\/v2\/pages\/4723\/revisions"}],"predecessor-version":[{"id":4788,"href":"https:\/\/www.iperalspesaonline.it\/p\/wp-json\/wp\/v2\/pages\/4723\/revisions\/4788"}],"wp:attachment":[{"href":"https:\/\/www.iperalspesaonline.it\/p\/wp-json\/wp\/v2\/media?parent=4723"}],"curies":[{"name":"wp","href":"https:\/\/api.w.org\/{rel}","templated":true}]}}