{"id":47,"date":"2017-11-06T16:10:22","slug":"privacy-policy","status":"publish","type":"page","link":"https:\/\/www.iperalspesaonline.it\/p\/privacy-policy\/","title":{"rendered":"Privacy Policy"},"content":{"rendered":"<h1>Privacy Policy<\/h1>\n<p>Ai sensi dell&#8217;art.13 del Regolamento Comunitario 679\/2016\/UE (nel seguito \u201cil Regolamento\u201d) la societ\u00e0 Iperal Supermercati Spa (di seguito, per comodit\u00e0, il \u201cTitolare\u201d), in qualit\u00e0 di titolare del trattamento dei dati personali, Le comunica che i Suoi dati personali, tra cui i dati anagrafici (nome, cognome, indirizzo, numero di telefono, email etc.) raccolti durante la registrazione al sito www.iperal.it o al sito www.iperalspesaonline.it (di seguito, per comodit\u00e0, i \u201cSiti\u201d) e\/o durante l\u2019utilizzo dello stesso, all&#8217;emissione della Carta CartAmica (di seguito la \u201cCarta\u201d) o tramite il download e l&#8217;utilizzo delle APP iperal.it, \u00a0iperalspesaonline.it (di seguito le \u201cApp\u201d), e anche i dati relativi alla tipologia, quantit\u00e0 e frequenza degli acquisti da Lei compiuti presso i punti di vendita e\/o i siti web del Titolare e\/o relativi all&#8217;utilizzo della Carta e delle App, verranno trattati per mezzo di strumenti manuali e\/o informatici da parte del Titolare e dei soggetti nominati dal Titolare e saranno custoditi in un archivio elettronico e\/o all&#8217;evenienza cartaceo. I dati saranno trattati in modo lecito, corretto e trasparente secondo quanto richiesto dall\u2019art. 5 del Regolamento e nel totale rispetto delle misure di sicurezza previste dall\u2019art. 32 del Regolamento per ridurne al minimo i rischi di perdita, distruzione, alterazione, accesso o trattamento non autorizzato.<\/p>\n<p><strong>Finalit\u00e0 del trattamento\u00a0<\/strong><\/p>\n<p>Tali dati verranno trattati per le seguenti finalit\u00e0:<\/p>\n<ol>\n<li>Registrazione e rilascio della Carta, gestione delle richieste espresse tramite i form di contatto presenti nel Sito, analisi dell\u2019utilizzo e della navigazione del Sito e delle pagine visitate, download e utilizzo delle App.<\/li>\n<\/ol>\n<p>&nbsp;<\/p>\n<ol start=\"2\">\n<li>Partecipazione ai giochi tramite le App organizzati per i possessori di CartAmica. Partecipazione tramite App ai giochi riservati ai possessori di CartAmica che danno diritto a buoni sconto speciali. La informiamo che i dati personali da Lei inseriti nell&#8217;app saranno trattati dal Titolare ai fini della sua partecipazione al gioco<\/li>\n<\/ol>\n<p>&nbsp;<\/p>\n<ol start=\"3\">\n<li>Per svolgere analisi di mercato ed effettuare attivit\u00e0 di marketing diretto, sia generiche che specifiche e\/o personalizzate, come il fornire informazioni su promozioni, agevolazioni, offerte, sconti, campagne personalizzate ed ulteriori servizi di suo interesse da parte del Titolare, anche per mezzo dell&#8217;invio di materiale apposito in forma cartacea e\/o elettronica, tramite newsletter (e-mail, sms, mms, messaggistica istantanea e\/o con notifiche a mezzo delle App); tutto ci\u00f2 per mantenerLa aggiornata per quanto concerne le nostre campagne promozionali, eventi ed altri servizi, e quindi permetterLe di sfruttare al massimo le nostre promozioni anche in esecuzione di quanto previsto dal Regolamento della Carta (che cita: \u201cI possessori di CartAmica avranno diritto ad acquistare, in determinati periodi, specifici prodotti a prezzi promozionati ed a partecipare ad eventuali iniziative promozionali nei modi stabiliti da Iperal.\u201d). Il tutto anche per mezzo delle App sul dispositivo su cui \u00e8 stata scaricata.<\/li>\n<\/ol>\n<p>&nbsp;<\/p>\n<ol start=\"4\">\n<li>Raccolta, registrazione ed elaborazione dei dati di acquisto, compresi quelli in relazione al dettaglio della tipologia, della quantit\u00e0 e della frequenza degli acquisti al fine dell\u2019analisi della tendenza d\u2019acquisto e di una sorta di profilazione dell\u2019interessato tramite l\u2019inserimento in campioni statistici di Clienti per la valutazione e il miglioramento della politica commerciale anche attraverso iniziative promozionali riservate a singoli gruppi di Clienti;<\/li>\n<\/ol>\n<p>&nbsp;<\/p>\n<ol start=\"5\">\n<li>Realizzazione di acquisti on-line con eventuale consegna presso il proprio domicilio, secondo le modalit\u00e0 e in relazione ai prodotti precisati nelle condizioni di vendita ed adempimento di tutti gli obblighi di legge e di contratto legati a tali acquisti o ad acquisti in genere.<\/li>\n<\/ol>\n<p>&nbsp;<\/p>\n<p>Il conferimento dei dati \u00e8 sempre opzionale.<\/p>\n<p>Tuttavia, in caso di rifiuto per la finalit\u00e0 1 non sar\u00e0 possibile ottenere la carta stessa o risposta alle richieste fatte, e per la finalit\u00e0 5 non sar\u00e0 possibile completare l\u2019acquisto e ricevere eventualmente la spesa al proprio domicilio in quanto risulta essenziale il riconoscimento del soggetto richiedente; per queste finalit\u00e0 la base giuridica risulta essere l\u2019esecuzione di un contratto di cui l\u2019interessato \u00e8 parte, ai sensi dell\u2019art.6, lettera b) del Regolamento.<\/p>\n<p>Per quanto concerne le finalit\u00e0 di cui ai punti 2, 3 e 4 \u00e8 ugualmente facoltativo, senza comportare conseguenze in caso di rifiuto al trattamento se non che non ricever\u00e0 alcuna informazione in riferimento alle offerte ed ai programmi dedicati ai possessori della carta; Lei avr\u00e0 la possibilit\u00e0 di sfruttare comunque gli sconti generalizzati previsti per tutti i clienti, ma non otterr\u00e0 i servizi e le promozioni personalizzate offerte dalla Carta, dal Sito e dalle App; per queste finalit\u00e0 la base giuridica risulta essere il consenso espresso dall\u2019interessato, ai sensi dell\u2019art.6, lettera a) del Regolamento.<\/p>\n<p>Potrebbero venire a conoscenza delle informazioni che La riguardano i dipendenti del Titolare che ne abbiano l\u2019esigenza per l\u2019attuazione dei loro incarichi o in virt\u00f9 della posizione che ricoprono, unicamente nell\u2019ambito delle funzioni aziendali coinvolte nella gestione del Sito, della Carta o delle App, ovvero altri\u00a0 soggetti legati al Titolare come propri fornitori, che siano stati nominati Responsabili Esterni del\u00a0 trattamento dei Dati (ad esempio, la societ\u00e0 che si occupa della predisposizione e della consegna della spesa on line nelle zone dove questo servizio non \u00e8 gestito direttamente dal Titolare). Per ottenere la lista aggiornata dei Responsabili sar\u00e0 sufficiente inviare una email all\u2019indirizzo privacy@iperal.it.<\/p>\n<p><strong>I suoi diritti ed i dati di contatto\u00a0<\/strong><\/p>\n<p>In qualsiasi momento Lei potr\u00e0 esercitare i diritti che le competono per legge scrivendo al Titolare all\u2019indirizzo Iperal S.p.A. via La Rosa, 354 Piantedo (SO) ovvero all\u2019indirizzo e-mail privacy@iperal.it; oppure al Responsabile della protezione dei dati all&#8217;indirizzo e-mail dpo.iperal@iperal.it.<\/p>\n<p>In particolare, Lei ha il diritto di chiedere al titolare del trattamento l\u2019accesso ai dati personali (art.15) e la rettifica (art.16) o la cancellazione degli stessi (art.17) o la limitazione del trattamento dei dati che lo riguardano (art.18) o di opporsi al loro trattamento (art.21) oltre al diritto alla portabilit\u00e0 dei dati (art.20); inoltre ha diritto di revocare il consenso (art.7, comma 3) e di proporre reclamo all\u2019Autorit\u00e0 Garante (art.77).<br \/>\nLe ricordiamo inoltre che i suoi dati ed i consensi eventualmente espressi possono essere modificati ed aggiornati in qualsiasi momento attraverso l\u2019area riservata del Sito.<\/p>\n<p><strong>Periodo di conservazione<\/strong><br \/>\nI dati anagrafici relativi alle finalit\u00e0 1, 2 e 5 saranno conservati per il periodo di tempo previsto dalla legge, mentre quelli relativi alle finalit\u00e0 2, 3 e 4 saranno conservati per 24 mesi, come anche precisato dal Garante per la protezione dei dati personali nei suoi provvedimenti in materia di carte di fedelt\u00e0 per la GDO. I consensi espressi, e modificabili in qualsiasi momento all\u2019interno dell\u2019area riservata del Sito, riferiti alle finalit\u00e0 2, 3 e 4 sono automaticamente rinnovati per 24 mesi dopo ogni utilizzo della CartaAmica o utilizzo delle App.<\/p>\n","protected":false},"featured_media":0,"parent":0,"menu_order":11,"template":"","meta":{"footnotes":"","seo_title":"Privacy Policy","seo_descr":""},"deliveryserviceid":"","category_id":"","_links":{"self":[{"href":"https:\/\/www.iperalspesaonline.it\/p\/wp-json\/wp\/v2\/pages\/47"}],"collection":[{"href":"https:\/\/www.iperalspesaonline.it\/p\/wp-json\/wp\/v2\/pages"}],"about":[{"href":"https:\/\/www.iperalspesaonline.it\/p\/wp-json\/wp\/v2\/types\/page"}],"author":[{"embeddable":true,"href":"https:\/\/www.iperalspesaonline.it\/p\/wp-json\/wp\/v2\/users\/1"}],"replies":[{"embeddable":true,"href":"https:\/\/www.iperalspesaonline.it\/p\/wp-json\/wp\/v2\/comments?post=47"}],"version-history":[{"count":17,"href":"https:\/\/www.iperalspesaonline.it\/p\/wp-json\/wp\/v2\/pages\/47\/revisions"}],"predecessor-version":[{"id":4744,"href":"https:\/\/www.iperalspesaonline.it\/p\/wp-json\/wp\/v2\/pages\/47\/revisions\/4744"}],"wp:attachment":[{"href":"https:\/\/www.iperalspesaonline.it\/p\/wp-json\/wp\/v2\/media?parent=47"}],"curies":[{"name":"wp","href":"https:\/\/api.w.org\/{rel}","templated":true}]}}