{"id":3782,"date":"2021-03-26T14:55:06","slug":"leerdammer","status":"publish","type":"page","link":"https:\/\/www.iperalspesaonline.it\/p\/leerdammer\/","title":{"rendered":"Leerdammer"},"content":{"rendered":"<div class=\"v-container\" style=\"padding-bottom: 20px;\">\n<div class=\"v-row d-none d-sm-flex\"><img decoding=\"async\" class=\"alignnone wp-image-3565 size-full\" style=\"max-width: 100%; height: initial;\" src=\"https:\/\/www.iperalspesaonline.it\/p\/wp-content\/uploads\/2021\/04\/leerdammer_sito.jpg\" alt=\"\" width=\"1700\" height=\"auto\" \/><\/div>\n<div class=\"v-row d-sm-none\"><img decoding=\"async\" class=\"alignnone wp-image-3565 size-full\" style=\"max-width: 100%; height: initial;\" src=\"https:\/\/www.iperalspesaonline.it\/p\/wp-content\/uploads\/2021\/04\/leerdammer_mobile.jpg\" alt=\"\" width=\"1700\" height=\"auto\" \/><\/div>\n<\/div>\n<div class=\"v-container\">\n<div class=\"v-row\"><strong>Chi l\u2019ha detto che cucinare \u00e8 una missione impossibile? <\/strong><\/div>\n<\/div>\n<p style=\"text-align: justify; display: block;\">Con Leerdammer la sfida \u00e8 mettersi in gioco e riscoprire la propria unicit\u00e0 in cucina e non solo! Leerdammer \u00e8 l\u2019alleato perfetto che ti semplifica la vita: grazie ai suoi prodotti pratici, versatili e sostenibili ti permette di creare ogni giorno piatti veloci, gustosi e a modo tuo!<br \/>\nFino al 16 Maggio scopri il grande concorso Cucina Come ti Va! Acquistando almeno 200g di Leerdammer al banco gastronomia (sono validi anche gli acquisti online) puoi vincere fantastici premi per la tua cucina! Scopri di pi\u00f9 sul sito <strong><a href=\"https:\/\/www.leerdammercucinacometiva.it\/\" target=\"_blank\" rel=\"noopener\">leerdammercucinacometiva.it.<\/a><\/strong><\/p>\n<p><strong>Aperitivi Leerdammer, Cos\u00ec come ti va!<\/strong><br \/>\n<span style=\"text-align: justify; display: block;\">Le giornate si allungano e la primavera \u00e8 ormai arrivata: cosa c\u2019\u00e8 di meglio di un buon aperitivo per concludere in bellezza la giornata? Ogni occasione \u00e8 buona per un aperitivo, ancora meglio se fatto in casa! Ecco un piccolo <strong>ricettario<\/strong> con qualche suggerimento rapido e sfizioso per aperitivi unici! Scatena la tua creativit\u00e0 con Leerdammer. <\/span><\/p>\n<div style=\"display: block; text-align: center;\">\n<div style=\"display: inline-block; padding: 10px;\"><a href=\"https:\/\/volantini.iperal.it\/books\/ruqw\" class=\"bg-white mt-2 mt-md-0 ml-md-2 v-btn v-btn--depressed btn-wp-device v-btn--flat v-btn--outlined theme--light primary--text v-size--x-large\" target=\"_blank\"> SCOPRI LE RICETTE <\/a><\/div>\n<div style=\"display: inline-block; padding: 10px;\"><a href=\"\/product\/formaggio-leerdammer-confezione-da-circa-350-g\" class=\"v-btn v-btn--depressed theme--light primary v-size--x-large\"><i class=\"v-icon notranslate icon icon-cart theme--light\" style=\"color: white;\" aria-hidden=\"true\"><\/i>\u00a0ACQUISTA SUBITO<\/a><\/div>\n<\/div>\n","protected":false},"featured_media":0,"parent":0,"menu_order":10,"template":"","meta":{"footnotes":"","seo_title":"Iperal ti consegna la spesa a casa - Iperalspesaonline.it","seo_descr":"Iperal ti consegna la spesa comodamente a casa tua. Inizia subito i tuoi acquisti online da pc, smartphone o tablet e scegli quando riceverla."},"deliveryserviceid":"","category_id":"","_links":{"self":[{"href":"https:\/\/www.iperalspesaonline.it\/p\/wp-json\/wp\/v2\/pages\/3782"}],"collection":[{"href":"https:\/\/www.iperalspesaonline.it\/p\/wp-json\/wp\/v2\/pages"}],"about":[{"href":"https:\/\/www.iperalspesaonline.it\/p\/wp-json\/wp\/v2\/types\/page"}],"author":[{"embeddable":true,"href":"https:\/\/www.iperalspesaonline.it\/p\/wp-json\/wp\/v2\/users\/1"}],"replies":[{"embeddable":true,"href":"https:\/\/www.iperalspesaonline.it\/p\/wp-json\/wp\/v2\/comments?post=3782"}],"version-history":[{"count":100,"href":"https:\/\/www.iperalspesaonline.it\/p\/wp-json\/wp\/v2\/pages\/3782\/revisions"}],"predecessor-version":[{"id":4396,"href":"https:\/\/www.iperalspesaonline.it\/p\/wp-json\/wp\/v2\/pages\/3782\/revisions\/4396"}],"wp:attachment":[{"href":"https:\/\/www.iperalspesaonline.it\/p\/wp-json\/wp\/v2\/media?parent=3782"}],"curies":[{"name":"wp","href":"https:\/\/api.w.org\/{rel}","templated":true}]}}